{"id":243,"date":"2025-09-06T11:37:56","date_gmt":"2025-09-06T11:37:56","guid":{"rendered":"https:\/\/aleconductorist.com\/uber\/"},"modified":"2025-09-24T20:06:51","modified_gmt":"2025-09-24T20:06:51","slug":"uber","status":"publish","type":"page","link":"https:\/\/aleconductorist.com\/de\/uber\/","title":{"rendered":"\u00dcber"},"content":{"rendered":"\t\t<div data-elementor-type=\"wp-page\" data-elementor-id=\"243\" class=\"elementor elementor-243 elementor-116\" data-elementor-post-type=\"page\">\n\t\t\t\t<div class=\"elementor-element elementor-element-d078a2a e-flex e-con-boxed e-con e-parent\" data-id=\"d078a2a\" data-element_type=\"container\" data-settings=\"{&quot;background_background&quot;:&quot;classic&quot;}\">\n\t\t\t\t\t<div class=\"e-con-inner\">\n\t\t\t\t<div class=\"elementor-element elementor-element-dc22554 elementor-widget elementor-widget-heading\" data-id=\"dc22554\" data-element_type=\"widget\" data-widget_type=\"heading.default\">\n\t\t\t\t\t<h1 class=\"elementor-heading-title elementor-size-default\">\u00dcber Ale<\/h1>\t\t\t\t<\/div>\n\t\t\t\t\t<\/div>\n\t\t\t\t<\/div>\n\t\t<div class=\"elementor-element elementor-element-fcf1e6f e-flex e-con-boxed e-con e-parent\" data-id=\"fcf1e6f\" data-element_type=\"container\" data-settings=\"{&quot;background_background&quot;:&quot;classic&quot;}\">\n\t\t\t\t\t<div class=\"e-con-inner\">\n\t\t<div class=\"elementor-element elementor-element-ffa67e5 e-con-full e-flex e-con e-child\" data-id=\"ffa67e5\" data-element_type=\"container\">\n\t\t<div class=\"elementor-element elementor-element-91d99d2 e-con-full e-flex e-con e-child\" data-id=\"91d99d2\" data-element_type=\"container\">\n\t\t\t\t<div class=\"elementor-element elementor-element-55c8f6e elementor-widget elementor-widget-heading\" data-id=\"55c8f6e\" data-element_type=\"widget\" data-widget_type=\"heading.default\">\n\t\t\t\t\t<h2 class=\"elementor-heading-title elementor-size-default\">Eine lebenslange Reise durch die Musik<\/h2>\t\t\t\t<\/div>\n\t\t\t\t<div class=\"elementor-element elementor-element-088f4b3 elementor-widget elementor-widget-text-editor\" data-id=\"088f4b3\" data-element_type=\"widget\" data-widget_type=\"text-editor.default\">\n\t\t\t\t\t\t\t\t\t<p data-start=\"136\" data-end=\"614\">Von seinen fr\u00fchesten Erinnerungen an war Alessandro Traina untrennbar mit der Welt der Musik verbunden. Seine musikalische Reise begann im Alter von acht Jahren, als er am Conservatorio Vincenzo Bellini in Palermo unter der Leitung von Maestro Maurizio Norrito, einem angesehenen Sch\u00fcler des legend\u00e4ren Gitarristen Alberto Ponce, klassische Gitarre studierte. Diese fr\u00fchen Jahre waren gepr\u00e4gt von Disziplin, Entdeckung und einer wachsenden Leidenschaft f\u00fcr Klang und Ausdruck.<\/p><p data-start=\"616\" data-end=\"1183\">Mit f\u00fcnfzehn erweiterte Alessandro sein k\u00fcnstlerisches Universum, indem er sich dem Klavier zuwandte, einem Instrument, das zu seinem engsten Begleiter in Komposition und Orchesterleitung werden sollte. Durch unz\u00e4hlige \u00dcbungsstunden und Erkundungen entwickelte er eine tiefe Sensibilit\u00e4t f\u00fcr Harmonie und Textur und legte die Grundlagen seiner einzigartigen musikalischen Identit\u00e4t. Seine Jugendjahre waren eine Phase k\u00fcnstlerischen Erwachens \u2013 eine Zeit, in der Musik nicht mehr nur Disziplin war, sondern die Sprache, durch die er sich wirklich ausdr\u00fccken konnte.<\/p><p data-start=\"1185\" data-end=\"1654\">Im Alter von achtzehn Jahren begann Alessandro das Dirigieren von Orchestern bei Maestro Carmelo Caruso zu studieren, einem direkten Sch\u00fcler des legend\u00e4ren Dirigenten Franco Ferrara. Diese Mentorschaft ver\u00e4nderte sein Verst\u00e4ndnis von Musik, indem sie ihm erlaubte, \u00fcber einzelne Instrumente hinauszusehen und das Orchester als ein einziges, lebendiges Organismus wahrzunehmen. Jede Geste, jede Bewegung des Taktstocks wurde zur Erweiterung von Gedanken und Emotionen.<\/p>\t\t\t\t\t\t\t\t<\/div>\n\t\t\t\t<\/div>\n\t\t<div class=\"elementor-element elementor-element-66f8a26 e-con-full e-flex e-con e-child\" data-id=\"66f8a26\" data-element_type=\"container\">\n\t\t\t\t<div class=\"elementor-element elementor-element-7faf533 elementor-widget elementor-widget-image\" data-id=\"7faf533\" data-element_type=\"widget\" data-widget_type=\"image.default\">\n\t\t\t\t\t\t\t\t\t\t\t\t\t\t\t<img fetchpriority=\"high\" decoding=\"async\" width=\"750\" height=\"878\" src=\"https:\/\/aleconductorist.com\/wp-content\/uploads\/2025\/09\/ale-about1.jpg\" class=\"attachment-large size-large wp-image-228\" alt=\"\" srcset=\"https:\/\/aleconductorist.com\/wp-content\/uploads\/2025\/09\/ale-about1.jpg 750w, https:\/\/aleconductorist.com\/wp-content\/uploads\/2025\/09\/ale-about1-256x300.jpg 256w\" sizes=\"(max-width: 750px) 100vw, 750px\" \/>\t\t\t\t\t\t\t\t\t\t\t\t\t\t\t<\/div>\n\t\t\t\t<\/div>\n\t\t\t\t<\/div>\n\t\t<div class=\"elementor-element elementor-element-305c61b e-con-full e-flex e-con e-child\" data-id=\"305c61b\" data-element_type=\"container\">\n\t\t<div class=\"elementor-element elementor-element-edf2371 e-con-full e-flex e-con e-child\" data-id=\"edf2371\" data-element_type=\"container\">\n\t\t\t\t<div class=\"elementor-element elementor-element-2ec677e elementor-widget elementor-widget-heading\" data-id=\"2ec677e\" data-element_type=\"widget\" data-widget_type=\"heading.default\">\n\t\t\t\t\t<h2 class=\"elementor-heading-title elementor-size-default\">Vom Performer zum vision\u00e4ren Dirigenten<\/h2>\t\t\t\t<\/div>\n\t\t\t\t<div class=\"elementor-element elementor-element-db96263 elementor-widget elementor-widget-text-editor\" data-id=\"db96263\" data-element_type=\"widget\" data-widget_type=\"text-editor.default\">\n\t\t\t\t\t\t\t\t\t<p data-start=\"1703\" data-end=\"2373\">Im Alter von zwanzig Jahren traf Alessandro eine mutige, lebensver\u00e4ndernde Entscheidung: Er zog nach Wien, um seine musikalische Ausbildung zu vertiefen und seine k\u00fcnstlerische Meisterschaft zu verfeinern. Dort tauchte er in ein au\u00dfergew\u00f6hnliches Umfeld von Kreativit\u00e4t und Innovation ein, studierte Komposition bei Maestro Dirk D\u2019Ase \u2013 einem Sch\u00fcler von Krzysztof Penderecki und Luciano Berio \u2013 und Wolfgang Liebhart und nahm gleichzeitig an einem Meisterkurs bei Penderecki selbst teil. Diese Erfahrungen er\u00f6ffneten Alessandro die weite Welt des modernen und zeitgen\u00f6ssischen Repertoires und inspirierten ihn, Klang auf neue und unkonventionelle Weise zu erforschen.<\/p><p data-start=\"2375\" data-end=\"2965\">Gleichzeitig perfektionierte er seine Gitarrentechnik unter dem renommierten Virtuosen Adriano Del Sal, von dem er oft sagt, dass er die wahre Kunst des Musikmachens gelernt habe. Nach dem Abschluss in Komposition und Gitarre an Wiens renommiertesten Institutionen begann Alessandro eine weitere intensive Reise: ein vierj\u00e4hriges Studium der Orchesterdirigieren an der MUK, wo er bei Andreas Stoehr, Gerrit Prie\u00dfnitz und Guido Mancusi studierte. Diese Jahre bereicherten seine k\u00fcnstlerische Vision und verschafften ihm Meisterschaft \u00fcber das gro\u00dfe symphonische und operatische Repertoire.<\/p><p data-start=\"2967\" data-end=\"3362\">Heute ist Alessandro nicht nur ein vielseitiger Musiker, sondern auch ein inspirierender Lehrer. An der J.M. Hauer Musikschule in Wiener Neustadt und an der Musikschule Wien unterrichtet er Gitarre, Klavier und Komposition, leitet das Jugendorchester der Schule und arbeitet eng mit jungen Musikern zusammen, f\u00f6rdert ihre Kreativit\u00e4t und begleitet sie auf dem Weg zur k\u00fcnstlerischen Exzellenz.<\/p><p data-start=\"3364\" data-end=\"3780\">Um seine facettenreiche Identit\u00e4t zu repr\u00e4sentieren, schuf Alessandro seinen K\u00fcnstlernamen <strong data-start=\"3455\" data-end=\"3477\">\u201eAle ConductorIst\u201c<\/strong> \u2013 ein Titel, der seine Philosophie widerspiegelt, Musik als lebendige, atmende Kraft zu sehen. Er l\u00e4sst sich nicht auf eine einzige Rolle festlegen; f\u00fcr ihn wird Musik nicht nur dirigiert \u2013 sie wird zum Leben erweckt. Sein pers\u00f6nliches Motto bringt es auf den Punkt: <strong data-start=\"3745\" data-end=\"3778\">\u201eDon\u2019t conduct \u2013 Make Music.\u201c<\/strong><\/p>\t\t\t\t\t\t\t\t<\/div>\n\t\t\t\t<\/div>\n\t\t<div class=\"elementor-element elementor-element-60e1752 e-con-full e-flex e-con e-child\" data-id=\"60e1752\" data-element_type=\"container\">\n\t\t\t\t<div class=\"elementor-element elementor-element-669a079 elementor-widget elementor-widget-image\" data-id=\"669a079\" data-element_type=\"widget\" data-widget_type=\"image.default\">\n\t\t\t\t\t\t\t\t\t\t\t\t\t\t\t<img decoding=\"async\" width=\"750\" height=\"750\" src=\"https:\/\/aleconductorist.com\/wp-content\/uploads\/2025\/09\/about-3.png\" class=\"attachment-large size-large wp-image-232\" alt=\"\" srcset=\"https:\/\/aleconductorist.com\/wp-content\/uploads\/2025\/09\/about-3.png 750w, https:\/\/aleconductorist.com\/wp-content\/uploads\/2025\/09\/about-3-300x300.png 300w, https:\/\/aleconductorist.com\/wp-content\/uploads\/2025\/09\/about-3-150x150.png 150w\" sizes=\"(max-width: 750px) 100vw, 750px\" \/>\t\t\t\t\t\t\t\t\t\t\t\t\t\t\t<\/div>\n\t\t\t\t<\/div>\n\t\t\t\t<\/div>\n\t\t\t\t\t<\/div>\n\t\t\t\t<\/div>\n\t\t\t\t<\/div>\n\t\t","protected":false},"excerpt":{"rendered":"<p>\u00dcber Ale Eine lebenslange Reise durch die Musik Von seinen fr\u00fchesten Erinnerungen an war Alessandro Traina untrennbar mit der Welt der Musik verbunden. Seine musikalische Reise begann im Alter von acht Jahren, als er am Conservatorio Vincenzo Bellini in Palermo unter der Leitung von Maestro Maurizio Norrito, einem angesehenen Sch\u00fcler des legend\u00e4ren Gitarristen Alberto Ponce, [&hellip;]<\/p>\n","protected":false},"author":1,"featured_media":0,"parent":0,"menu_order":0,"comment_status":"closed","ping_status":"closed","template":"","meta":{"footnotes":""},"class_list":["post-243","page","type-page","status-publish","hentry"],"_links":{"self":[{"href":"https:\/\/aleconductorist.com\/de\/wp-json\/wp\/v2\/pages\/243","targetHints":{"allow":["GET"]}}],"collection":[{"href":"https:\/\/aleconductorist.com\/de\/wp-json\/wp\/v2\/pages"}],"about":[{"href":"https:\/\/aleconductorist.com\/de\/wp-json\/wp\/v2\/types\/page"}],"author":[{"embeddable":true,"href":"https:\/\/aleconductorist.com\/de\/wp-json\/wp\/v2\/users\/1"}],"replies":[{"embeddable":true,"href":"https:\/\/aleconductorist.com\/de\/wp-json\/wp\/v2\/comments?post=243"}],"version-history":[{"count":3,"href":"https:\/\/aleconductorist.com\/de\/wp-json\/wp\/v2\/pages\/243\/revisions"}],"predecessor-version":[{"id":246,"href":"https:\/\/aleconductorist.com\/de\/wp-json\/wp\/v2\/pages\/243\/revisions\/246"}],"wp:attachment":[{"href":"https:\/\/aleconductorist.com\/de\/wp-json\/wp\/v2\/media?parent=243"}],"curies":[{"name":"wp","href":"https:\/\/api.w.org\/{rel}","templated":true}]}}