{"id":247,"date":"2025-09-06T18:45:13","date_gmt":"2025-09-06T18:45:13","guid":{"rendered":"https:\/\/aleconductorist.com\/blogs\/"},"modified":"2025-09-24T20:49:21","modified_gmt":"2025-09-24T20:49:21","slug":"blogs","status":"publish","type":"page","link":"https:\/\/aleconductorist.com\/de\/blogs\/","title":{"rendered":"Blogs"},"content":{"rendered":"\t\t<div data-elementor-type=\"wp-page\" data-elementor-id=\"247\" class=\"elementor elementor-247 elementor-173\" data-elementor-post-type=\"page\">\n\t\t\t\t<div class=\"elementor-element elementor-element-7cdde78 e-flex e-con-boxed e-con e-parent\" data-id=\"7cdde78\" data-element_type=\"container\">\n\t\t\t\t\t<div class=\"e-con-inner\">\n\t\t\t\t<div class=\"elementor-element elementor-element-84c021f elementor-widget elementor-widget-heading\" data-id=\"84c021f\" data-element_type=\"widget\" data-widget_type=\"heading.default\">\n\t\t\t\t\t<h2 class=\"elementor-heading-title elementor-size-default\">Zwischen Noten und Worten<\/h2>\t\t\t\t<\/div>\n\t\t\t\t<div class=\"elementor-element elementor-element-6c31cb2 elementor-widget elementor-widget-text-editor\" data-id=\"6c31cb2\" data-element_type=\"widget\" data-widget_type=\"text-editor.default\">\n\t\t\t\t\t\t\t\t\t<p>Tritt ein in eine Welt, in der Musik und Gedanken miteinander verschmelzen. In diesem Abschnitt teilt Ale seine pers\u00f6nlichen Manuskripte, k\u00fcnstlerischen Reflexionen und inspirierenden Essays \u2013 und bietet so einen Einblick in den kreativen Geist hinter dem Dirigenten. Hier tanzen Worte neben Melodien und enth\u00fcllen die Geschichten, Ideen und Emotionen, die seine k\u00fcnstlerische Reise pr\u00e4gen.<\/p>\t\t\t\t\t\t\t\t<\/div>\n\t\t\t\t<div class=\"elementor-element elementor-element-8ce4fec elementor-grid-3 elementor-grid-tablet-2 elementor-grid-mobile-1 elementor-widget elementor-widget-loop-grid\" data-id=\"8ce4fec\" data-element_type=\"widget\" data-settings=\"{&quot;template_id&quot;:279,&quot;row_gap&quot;:{&quot;unit&quot;:&quot;px&quot;,&quot;size&quot;:15,&quot;sizes&quot;:[]},&quot;row_gap_tablet&quot;:{&quot;unit&quot;:&quot;px&quot;,&quot;size&quot;:15,&quot;sizes&quot;:[]},&quot;row_gap_mobile&quot;:{&quot;unit&quot;:&quot;px&quot;,&quot;size&quot;:15,&quot;sizes&quot;:[]},&quot;_skin&quot;:&quot;post&quot;,&quot;columns&quot;:&quot;3&quot;,&quot;columns_tablet&quot;:&quot;2&quot;,&quot;columns_mobile&quot;:&quot;1&quot;,&quot;edit_handle_selector&quot;:&quot;[data-elementor-type=\\&quot;loop-item\\&quot;]&quot;}\" data-widget_type=\"loop-grid.post\">\n\t\t\t\t<div class=\"elementor-widget-container\">\n\t\t\t\t\t\t\t<div class=\"elementor-loop-container elementor-grid\" role=\"list\">\n\t\t<style id=\"loop-279\">.elementor-279 .elementor-element.elementor-element-740467b{--display:flex;--flex-direction:column;--container-widget-width:100%;--container-widget-height:initial;--container-widget-flex-grow:0;--container-widget-align-self:initial;--flex-wrap-mobile:wrap;--background-transition:0.3s;--border-radius:10px 10px 10px 10px;box-shadow:0px 5px 3px 0px rgba(0, 0, 0, 0.06);--padding-top:20px;--padding-bottom:20px;--padding-left:20px;--padding-right:20px;}.elementor-279 .elementor-element.elementor-element-740467b:not(.elementor-motion-effects-element-type-background), .elementor-279 .elementor-element.elementor-element-740467b > .elementor-motion-effects-container > .elementor-motion-effects-layer{background-color:#A7A4A412;}.elementor-279 .elementor-element.elementor-element-740467b:hover{background-color:var( --e-global-color-secondary );}.elementor-widget-heading .elementor-heading-title{font-family:var( --e-global-typography-primary-font-family ), Sans-serif;font-weight:var( --e-global-typography-primary-font-weight );color:var( --e-global-color-primary );}.elementor-279 .elementor-element.elementor-element-f210c90 .elementor-heading-title{font-family:\"Poppins\", Sans-serif;font-size:20px;font-weight:normal;color:var( --e-global-color-text );}.elementor-widget-post-info .elementor-icon-list-item:not(:last-child):after{border-color:var( --e-global-color-text );}.elementor-widget-post-info .elementor-icon-list-icon i{color:var( --e-global-color-primary );}.elementor-widget-post-info .elementor-icon-list-icon svg{fill:var( --e-global-color-primary );}.elementor-widget-post-info .elementor-icon-list-text, .elementor-widget-post-info .elementor-icon-list-text a{color:var( --e-global-color-secondary );}.elementor-widget-post-info .elementor-icon-list-item{font-family:var( --e-global-typography-text-font-family ), Sans-serif;font-weight:var( --e-global-typography-text-font-weight );}.elementor-279 .elementor-element.elementor-element-a9ce640 .elementor-icon-list-icon i{color:var( --e-global-color-accent );font-size:12px;}.elementor-279 .elementor-element.elementor-element-a9ce640 .elementor-icon-list-icon svg{fill:var( --e-global-color-accent );--e-icon-list-icon-size:12px;}.elementor-279 .elementor-element.elementor-element-a9ce640 .elementor-icon-list-icon{width:12px;}body:not(.rtl) .elementor-279 .elementor-element.elementor-element-a9ce640 .elementor-icon-list-text{padding-left:5px;}body.rtl .elementor-279 .elementor-element.elementor-element-a9ce640 .elementor-icon-list-text{padding-right:5px;}.elementor-279 .elementor-element.elementor-element-a9ce640 .elementor-icon-list-text, .elementor-279 .elementor-element.elementor-element-a9ce640 .elementor-icon-list-text a{color:var( --e-global-color-accent );}.elementor-279 .elementor-element.elementor-element-a9ce640 .elementor-icon-list-item{font-family:\"Poppins\", Sans-serif;font-size:12px;font-weight:normal;}@media(max-width:767px){.elementor-279 .elementor-element.elementor-element-f210c90 .elementor-heading-title{font-size:18px;line-height:1.8rem;}}<\/style>\t\t<div data-elementor-type=\"loop-item\" data-elementor-id=\"279\" class=\"elementor elementor-279 elementor-150 e-loop-item e-loop-item-272 post-272 post type-post status-publish format-standard hentry category-nicht-kategorisiert\" data-elementor-post-type=\"elementor_library\" data-custom-edit-handle=\"1\">\n\t\t\t<div class=\"elementor-element elementor-element-740467b e-flex e-con-boxed e-con e-parent\" data-id=\"740467b\" data-element_type=\"container\" data-settings=\"{&quot;background_background&quot;:&quot;classic&quot;}\">\n\t\t\t\t\t<div class=\"e-con-inner\">\n\t\t\t\t<div class=\"elementor-element elementor-element-f210c90 elementor-widget elementor-widget-heading\" data-id=\"f210c90\" data-element_type=\"widget\" data-widget_type=\"heading.default\">\n\t\t\t\t\t<h2 class=\"elementor-heading-title elementor-size-default\"><a href=\"https:\/\/aleconductorist.com\/de\/die-kunst-des-orchesterdirigierens-partituren-zum-leben-erwecken\/\">Die Kunst des Orchesterdirigierens: Partituren zum Leben erwecken<\/a><\/h2>\t\t\t\t<\/div>\n\t\t\t\t<div class=\"elementor-element elementor-element-a9ce640 elementor-widget elementor-widget-post-info\" data-id=\"a9ce640\" data-element_type=\"widget\" data-widget_type=\"post-info.default\">\n\t\t\t\t\t\t\t<ul class=\"elementor-inline-items elementor-icon-list-items elementor-post-info\">\n\t\t\t\t\t\t\t\t<li class=\"elementor-icon-list-item elementor-repeater-item-5549db9 elementor-inline-item\" itemprop=\"datePublished\">\n\t\t\t\t\t\t\t\t\t\t<span class=\"elementor-icon-list-icon\">\n\t\t\t\t\t\t\t\t<svg aria-hidden=\"true\" class=\"e-font-icon-svg e-fas-calendar\" viewBox=\"0 0 448 512\" xmlns=\"http:\/\/www.w3.org\/2000\/svg\"><path d=\"M12 192h424c6.6 0 12 5.4 12 12v260c0 26.5-21.5 48-48 48H48c-26.5 0-48-21.5-48-48V204c0-6.6 5.4-12 12-12zm436-44v-36c0-26.5-21.5-48-48-48h-48V12c0-6.6-5.4-12-12-12h-40c-6.6 0-12 5.4-12 12v52H160V12c0-6.6-5.4-12-12-12h-40c-6.6 0-12 5.4-12 12v52H48C21.5 64 0 85.5 0 112v36c0 6.6 5.4 12 12 12h424c6.6 0 12-5.4 12-12z\"><\/path><\/svg>\t\t\t\t\t\t\t<\/span>\n\t\t\t\t\t\t\t\t\t<span class=\"elementor-icon-list-text elementor-post-info__item elementor-post-info__item--type-date\">\n\t\t\t\t\t\t\t\t\t\t<time>September 3, 2025<\/time>\t\t\t\t\t<\/span>\n\t\t\t\t\t\t\t\t<\/li>\n\t\t\t\t<\/ul>\n\t\t\t\t\t\t<\/div>\n\t\t\t\t\t<\/div>\n\t\t\t\t<\/div>\n\t\t\t\t<\/div>\n\t\t\t\t<div data-elementor-type=\"loop-item\" data-elementor-id=\"279\" class=\"elementor elementor-279 elementor-150 e-loop-item e-loop-item-274 post-274 post type-post status-publish format-standard hentry category-nicht-kategorisiert\" data-elementor-post-type=\"elementor_library\" data-custom-edit-handle=\"1\">\n\t\t\t<div class=\"elementor-element elementor-element-740467b e-flex e-con-boxed e-con e-parent\" data-id=\"740467b\" data-element_type=\"container\" data-settings=\"{&quot;background_background&quot;:&quot;classic&quot;}\">\n\t\t\t\t\t<div class=\"e-con-inner\">\n\t\t\t\t<div class=\"elementor-element elementor-element-f210c90 elementor-widget elementor-widget-heading\" data-id=\"f210c90\" data-element_type=\"widget\" data-widget_type=\"heading.default\">\n\t\t\t\t\t<h2 class=\"elementor-heading-title elementor-size-default\"><a href=\"https:\/\/aleconductorist.com\/de\/klassische-und-zeitgenossische-musik-verbinden-eine-personliche-reise\/\">Klassische und zeitgen\u00f6ssische Musik verbinden: Eine pers\u00f6nliche Reise<\/a><\/h2>\t\t\t\t<\/div>\n\t\t\t\t<div class=\"elementor-element elementor-element-a9ce640 elementor-widget elementor-widget-post-info\" data-id=\"a9ce640\" data-element_type=\"widget\" data-widget_type=\"post-info.default\">\n\t\t\t\t\t\t\t<ul class=\"elementor-inline-items elementor-icon-list-items elementor-post-info\">\n\t\t\t\t\t\t\t\t<li class=\"elementor-icon-list-item elementor-repeater-item-5549db9 elementor-inline-item\" itemprop=\"datePublished\">\n\t\t\t\t\t\t\t\t\t\t<span class=\"elementor-icon-list-icon\">\n\t\t\t\t\t\t\t\t<svg aria-hidden=\"true\" class=\"e-font-icon-svg e-fas-calendar\" viewBox=\"0 0 448 512\" xmlns=\"http:\/\/www.w3.org\/2000\/svg\"><path d=\"M12 192h424c6.6 0 12 5.4 12 12v260c0 26.5-21.5 48-48 48H48c-26.5 0-48-21.5-48-48V204c0-6.6 5.4-12 12-12zm436-44v-36c0-26.5-21.5-48-48-48h-48V12c0-6.6-5.4-12-12-12h-40c-6.6 0-12 5.4-12 12v52H160V12c0-6.6-5.4-12-12-12h-40c-6.6 0-12 5.4-12 12v52H48C21.5 64 0 85.5 0 112v36c0 6.6 5.4 12 12 12h424c6.6 0 12-5.4 12-12z\"><\/path><\/svg>\t\t\t\t\t\t\t<\/span>\n\t\t\t\t\t\t\t\t\t<span class=\"elementor-icon-list-text elementor-post-info__item elementor-post-info__item--type-date\">\n\t\t\t\t\t\t\t\t\t\t<time>August 30, 2025<\/time>\t\t\t\t\t<\/span>\n\t\t\t\t\t\t\t\t<\/li>\n\t\t\t\t<\/ul>\n\t\t\t\t\t\t<\/div>\n\t\t\t\t\t<\/div>\n\t\t\t\t<\/div>\n\t\t\t\t<\/div>\n\t\t\t\t<div data-elementor-type=\"loop-item\" data-elementor-id=\"279\" class=\"elementor elementor-279 elementor-150 e-loop-item e-loop-item-275 post-275 post type-post status-publish format-standard hentry category-nicht-kategorisiert\" data-elementor-post-type=\"elementor_library\" data-custom-edit-handle=\"1\">\n\t\t\t<div class=\"elementor-element elementor-element-740467b e-flex e-con-boxed e-con e-parent\" data-id=\"740467b\" data-element_type=\"container\" data-settings=\"{&quot;background_background&quot;:&quot;classic&quot;}\">\n\t\t\t\t\t<div class=\"e-con-inner\">\n\t\t\t\t<div class=\"elementor-element elementor-element-f210c90 elementor-widget elementor-widget-heading\" data-id=\"f210c90\" data-element_type=\"widget\" data-widget_type=\"heading.default\">\n\t\t\t\t\t<h2 class=\"elementor-heading-title elementor-size-default\"><a href=\"https:\/\/aleconductorist.com\/de\/meisterhafte-ausdruckskraft-von-gitarrensaiten-zu-symphonischen-klangen\/\">Meisterhafte Ausdruckskraft: Von Gitarrensaiten zu symphonischen Kl\u00e4ngen<\/a><\/h2>\t\t\t\t<\/div>\n\t\t\t\t<div class=\"elementor-element elementor-element-a9ce640 elementor-widget elementor-widget-post-info\" data-id=\"a9ce640\" data-element_type=\"widget\" data-widget_type=\"post-info.default\">\n\t\t\t\t\t\t\t<ul class=\"elementor-inline-items elementor-icon-list-items elementor-post-info\">\n\t\t\t\t\t\t\t\t<li class=\"elementor-icon-list-item elementor-repeater-item-5549db9 elementor-inline-item\" itemprop=\"datePublished\">\n\t\t\t\t\t\t\t\t\t\t<span class=\"elementor-icon-list-icon\">\n\t\t\t\t\t\t\t\t<svg aria-hidden=\"true\" class=\"e-font-icon-svg e-fas-calendar\" viewBox=\"0 0 448 512\" xmlns=\"http:\/\/www.w3.org\/2000\/svg\"><path d=\"M12 192h424c6.6 0 12 5.4 12 12v260c0 26.5-21.5 48-48 48H48c-26.5 0-48-21.5-48-48V204c0-6.6 5.4-12 12-12zm436-44v-36c0-26.5-21.5-48-48-48h-48V12c0-6.6-5.4-12-12-12h-40c-6.6 0-12 5.4-12 12v52H160V12c0-6.6-5.4-12-12-12h-40c-6.6 0-12 5.4-12 12v52H48C21.5 64 0 85.5 0 112v36c0 6.6 5.4 12 12 12h424c6.6 0 12-5.4 12-12z\"><\/path><\/svg>\t\t\t\t\t\t\t<\/span>\n\t\t\t\t\t\t\t\t\t<span class=\"elementor-icon-list-text elementor-post-info__item elementor-post-info__item--type-date\">\n\t\t\t\t\t\t\t\t\t\t<time>August 28, 2025<\/time>\t\t\t\t\t<\/span>\n\t\t\t\t\t\t\t\t<\/li>\n\t\t\t\t<\/ul>\n\t\t\t\t\t\t<\/div>\n\t\t\t\t\t<\/div>\n\t\t\t\t<\/div>\n\t\t\t\t<\/div>\n\t\t\t\t<\/div>\n\t\t\n\t\t\t\t\t\t<\/div>\n\t\t\t\t<\/div>\n\t\t\t\t\t<\/div>\n\t\t\t\t<\/div>\n\t\t\t\t<\/div>\n\t\t","protected":false},"excerpt":{"rendered":"<p>Zwischen Noten und Worten Tritt ein in eine Welt, in der Musik und Gedanken miteinander verschmelzen. In diesem Abschnitt teilt Ale seine pers\u00f6nlichen Manuskripte, k\u00fcnstlerischen Reflexionen und inspirierenden Essays \u2013 und bietet so einen Einblick in den kreativen Geist hinter dem Dirigenten. Hier tanzen Worte neben Melodien und enth\u00fcllen die Geschichten, Ideen und Emotionen, die [&hellip;]<\/p>\n","protected":false},"author":1,"featured_media":0,"parent":0,"menu_order":0,"comment_status":"closed","ping_status":"closed","template":"","meta":{"footnotes":""},"class_list":["post-247","page","type-page","status-publish","hentry"],"_links":{"self":[{"href":"https:\/\/aleconductorist.com\/de\/wp-json\/wp\/v2\/pages\/247","targetHints":{"allow":["GET"]}}],"collection":[{"href":"https:\/\/aleconductorist.com\/de\/wp-json\/wp\/v2\/pages"}],"about":[{"href":"https:\/\/aleconductorist.com\/de\/wp-json\/wp\/v2\/types\/page"}],"author":[{"embeddable":true,"href":"https:\/\/aleconductorist.com\/de\/wp-json\/wp\/v2\/users\/1"}],"replies":[{"embeddable":true,"href":"https:\/\/aleconductorist.com\/de\/wp-json\/wp\/v2\/comments?post=247"}],"version-history":[{"count":3,"href":"https:\/\/aleconductorist.com\/de\/wp-json\/wp\/v2\/pages\/247\/revisions"}],"predecessor-version":[{"id":262,"href":"https:\/\/aleconductorist.com\/de\/wp-json\/wp\/v2\/pages\/247\/revisions\/262"}],"wp:attachment":[{"href":"https:\/\/aleconductorist.com\/de\/wp-json\/wp\/v2\/media?parent=247"}],"curies":[{"name":"wp","href":"https:\/\/api.w.org\/{rel}","templated":true}]}}