{"id":255,"date":"2025-09-06T16:45:42","date_gmt":"2025-09-06T16:45:42","guid":{"rendered":"https:\/\/aleconductorist.com\/medien\/"},"modified":"2025-09-24T20:52:55","modified_gmt":"2025-09-24T20:52:55","slug":"medien","status":"publish","type":"page","link":"https:\/\/aleconductorist.com\/de\/medien\/","title":{"rendered":"Medien"},"content":{"rendered":"\t\t<div data-elementor-type=\"wp-page\" data-elementor-id=\"255\" class=\"elementor elementor-255 elementor-126\" data-elementor-post-type=\"page\">\n\t\t\t\t<div class=\"elementor-element elementor-element-2639701 e-flex e-con-boxed e-con e-parent\" data-id=\"2639701\" data-element_type=\"container\" data-settings=\"{&quot;background_background&quot;:&quot;classic&quot;}\">\n\t\t\t\t\t<div class=\"e-con-inner\">\n\t\t\t\t<div class=\"elementor-element elementor-element-a88e8d8 elementor-widget elementor-widget-heading\" data-id=\"a88e8d8\" data-element_type=\"widget\" data-widget_type=\"heading.default\">\n\t\t\t\t\t<h1 class=\"elementor-heading-title elementor-size-default\">Medien<\/h1>\t\t\t\t<\/div>\n\t\t\t\t\t<\/div>\n\t\t\t\t<\/div>\n\t\t<div class=\"elementor-element elementor-element-5a1563d e-flex e-con-boxed e-con e-parent\" data-id=\"5a1563d\" data-element_type=\"container\" data-settings=\"{&quot;background_background&quot;:&quot;classic&quot;}\">\n\t\t\t\t\t<div class=\"e-con-inner\">\n\t\t<div class=\"elementor-element elementor-element-00bb2a6 e-con-full e-flex e-con e-child\" data-id=\"00bb2a6\" data-element_type=\"container\">\n\t\t\t\t<div class=\"elementor-element elementor-element-2169e25 elementor-widget elementor-widget-heading\" data-id=\"2169e25\" data-element_type=\"widget\" data-widget_type=\"heading.default\">\n\t\t\t\t\t<h2 class=\"elementor-heading-title elementor-size-default\">Neueste Werke &amp; Auff\u00fchrungen<\/h2>\t\t\t\t<\/div>\n\t\t\t\t<div class=\"elementor-element elementor-element-e889dd8 elementor-widget elementor-widget-text-editor\" data-id=\"e889dd8\" data-element_type=\"widget\" data-widget_type=\"text-editor.default\">\n\t\t\t\t\t\t\t\t\t<p>Tauche ein in die k\u00fcnstlerische Welt von <strong data-start=\"180\" data-end=\"200\">Ale ConductorIst<\/strong> durch seine neuesten musikalischen Kreationen, Live-Auftritte und gemeinsamen Projekte. Hier findest du eine kuratierte Auswahl seiner j\u00fcngsten Kompositionen, Aufnahmen und Video-Highlights \u2013 jede spiegelt seine Leidenschaft wider, klassische Traditionen mit zeitgen\u00f6ssischen Kl\u00e4ngen zu verbinden. Entdecke und erlebe die Musik, die seine einzigartige k\u00fcnstlerische Reise definiert.<\/p>\t\t\t\t\t\t\t\t<\/div>\n\t\t<div class=\"elementor-element elementor-element-0ddc96a e-con-full e-flex e-con e-child\" data-id=\"0ddc96a\" data-element_type=\"container\">\n\t\t\t\t<div class=\"elementor-element elementor-element-2f15b39 elementor-widget elementor-widget-video\" data-id=\"2f15b39\" data-element_type=\"widget\" data-settings=\"{&quot;youtube_url&quot;:&quot;https:\\\/\\\/www.youtube.com\\\/watch?v=VugH3bbfs-4&quot;,&quot;video_type&quot;:&quot;youtube&quot;,&quot;controls&quot;:&quot;yes&quot;}\" data-widget_type=\"video.default\">\n\t\t\t\t\t\t\t<div class=\"elementor-wrapper elementor-open-inline\">\n\t\t\t<div class=\"elementor-video\"><\/div>\t\t<\/div>\n\t\t\t\t\t\t<\/div>\n\t\t\t\t<div class=\"elementor-element elementor-element-1ee899d elementor-widget elementor-widget-heading\" data-id=\"1ee899d\" data-element_type=\"widget\" data-widget_type=\"heading.default\">\n\t\t\t\t\t<h2 class=\"elementor-heading-title elementor-size-default\">Izimpande Zami<\/h2>\t\t\t\t<\/div>\n\t\t\t\t<div class=\"elementor-element elementor-element-9300866 elementor-widget elementor-widget-heading\" data-id=\"9300866\" data-element_type=\"widget\" data-widget_type=\"heading.default\">\n\t\t\t\t\t<h3 class=\"elementor-heading-title elementor-size-default\">F\u00fcr klassische Gitarre solo<\/h3>\t\t\t\t<\/div>\n\t\t\t\t<\/div>\n\t\t<div class=\"elementor-element elementor-element-51e6d35 e-con-full e-flex e-con e-child\" data-id=\"51e6d35\" data-element_type=\"container\">\n\t\t\t\t<div class=\"elementor-element elementor-element-4abac17 elementor-widget elementor-widget-video\" data-id=\"4abac17\" data-element_type=\"widget\" data-settings=\"{&quot;youtube_url&quot;:&quot;https:\\\/\\\/www.youtube.com\\\/watch?v=rGvxiTqkCCw&quot;,&quot;video_type&quot;:&quot;youtube&quot;,&quot;controls&quot;:&quot;yes&quot;}\" data-widget_type=\"video.default\">\n\t\t\t\t\t\t\t<div class=\"elementor-wrapper elementor-open-inline\">\n\t\t\t<div class=\"elementor-video\"><\/div>\t\t<\/div>\n\t\t\t\t\t\t<\/div>\n\t\t\t\t<div class=\"elementor-element elementor-element-a44f357 elementor-widget elementor-widget-heading\" data-id=\"a44f357\" data-element_type=\"widget\" data-widget_type=\"heading.default\">\n\t\t\t\t\t<h2 class=\"elementor-heading-title elementor-size-default\">Gayatri Mantra<\/h2>\t\t\t\t<\/div>\n\t\t\t\t<div class=\"elementor-element elementor-element-1cd2a9e elementor-widget elementor-widget-heading\" data-id=\"1cd2a9e\" data-element_type=\"widget\" data-widget_type=\"heading.default\">\n\t\t\t\t\t<h3 class=\"elementor-heading-title elementor-size-default\">F\u00fcr klassische Gitarre und Gesang<\/h3>\t\t\t\t<\/div>\n\t\t\t\t<\/div>\n\t\t\t\t<\/div>\n\t\t<div class=\"elementor-element elementor-element-015e451 e-con-full e-flex e-con e-child\" data-id=\"015e451\" data-element_type=\"container\">\n\t\t<div class=\"elementor-element elementor-element-3331cf5 e-con-full e-flex e-con e-child\" data-id=\"3331cf5\" data-element_type=\"container\">\n\t\t\t\t<div class=\"elementor-element elementor-element-d89a29d elementor-widget elementor-widget-heading\" data-id=\"d89a29d\" data-element_type=\"widget\" data-widget_type=\"heading.default\">\n\t\t\t\t\t<h2 class=\"elementor-heading-title elementor-size-default\">In Bildern \u2014 Momente der Musik<\/h2>\t\t\t\t<\/div>\n\t\t\t\t<div class=\"elementor-element elementor-element-7980dd2 elementor-widget elementor-widget-text-editor\" data-id=\"7980dd2\" data-element_type=\"widget\" data-widget_type=\"text-editor.default\">\n\t\t\t\t\t\t\t\t\t<p data-start=\"770\" data-end=\"1031\">Musik ist mehr als Klang; sie ist Ausdruck, Pr\u00e4senz und Verbindung. Diese Galerie f\u00e4ngt intime Einblicke in das k\u00fcnstlerische Leben von Ale ConductorIst ein \u2013 von Proben und Auff\u00fchrungen bis hin zu Momenten hinter den Kulissen, die seine kreative Welt pr\u00e4gen.<\/p><p data-start=\"1033\" data-end=\"1164\">Jedes Bild erz\u00e4hlt einen Teil der Geschichte und bietet eine visuelle Reise durch seinen Weg als Dirigent, Komponist und Musiker.<\/p>\t\t\t\t\t\t\t\t<\/div>\n\t\t\t\t<div class=\"elementor-element elementor-element-651c938 elementor-widget elementor-widget-gallery\" data-id=\"651c938\" data-element_type=\"widget\" data-settings=\"{&quot;gallery_layout&quot;:&quot;masonry&quot;,&quot;columns&quot;:3,&quot;columns_mobile&quot;:2,&quot;image_hover_animation&quot;:&quot;grow&quot;,&quot;lazyload&quot;:&quot;yes&quot;,&quot;columns_tablet&quot;:2,&quot;gap&quot;:{&quot;unit&quot;:&quot;px&quot;,&quot;size&quot;:10,&quot;sizes&quot;:[]},&quot;gap_tablet&quot;:{&quot;unit&quot;:&quot;px&quot;,&quot;size&quot;:10,&quot;sizes&quot;:[]},&quot;gap_mobile&quot;:{&quot;unit&quot;:&quot;px&quot;,&quot;size&quot;:10,&quot;sizes&quot;:[]},&quot;link_to&quot;:&quot;file&quot;,&quot;overlay_background&quot;:&quot;yes&quot;,&quot;content_hover_animation&quot;:&quot;fade-in&quot;}\" data-widget_type=\"gallery.default\">\n\t\t\t\t\t\t\t<div class=\"elementor-gallery__container\">\n\t\t\t\t\t\t\t<a class=\"e-gallery-item elementor-gallery-item elementor-animated-content\" href=\"https:\/\/aleconductorist.com\/wp-content\/uploads\/2025\/09\/ale-pic3.jpg\" data-elementor-open-lightbox=\"yes\" data-elementor-lightbox-slideshow=\"651c938\" data-elementor-lightbox-title=\"ale-pic3\" data-e-action-hash=\"#elementor-action%3Aaction%3Dlightbox%26settings%3DeyJpZCI6ODIsInVybCI6Imh0dHBzOlwvXC9hbGVjb25kdWN0b3Jpc3QuY29tXC93cC1jb250ZW50XC91cGxvYWRzXC8yMDI1XC8wOVwvYWxlLXBpYzMuanBnIiwic2xpZGVzaG93IjoiNjUxYzkzOCJ9\">\n\t\t\t\t\t<div class=\"e-gallery-image elementor-gallery-item__image\" data-thumbnail=\"https:\/\/aleconductorist.com\/wp-content\/uploads\/2025\/09\/ale-pic3.jpg\" data-width=\"450\" data-height=\"663\" aria-label=\"\" role=\"img\" ><\/div>\n\t\t\t\t\t\t\t\t\t\t\t<div class=\"elementor-gallery-item__overlay\"><\/div>\n\t\t\t\t\t\t\t\t\t\t\t\t\t\t<\/a>\n\t\t\t\t\t\t\t<a class=\"e-gallery-item elementor-gallery-item elementor-animated-content\" href=\"https:\/\/aleconductorist.com\/wp-content\/uploads\/2025\/09\/al-pic2.jpg\" data-elementor-open-lightbox=\"yes\" data-elementor-lightbox-slideshow=\"651c938\" data-elementor-lightbox-title=\"al-pic2\" data-e-action-hash=\"#elementor-action%3Aaction%3Dlightbox%26settings%3DeyJpZCI6ODMsInVybCI6Imh0dHBzOlwvXC9hbGVjb25kdWN0b3Jpc3QuY29tXC93cC1jb250ZW50XC91cGxvYWRzXC8yMDI1XC8wOVwvYWwtcGljMi5qcGciLCJzbGlkZXNob3ciOiI2NTFjOTM4In0%3D\">\n\t\t\t\t\t<div class=\"e-gallery-image elementor-gallery-item__image\" data-thumbnail=\"https:\/\/aleconductorist.com\/wp-content\/uploads\/2025\/09\/al-pic2.jpg\" data-width=\"450\" data-height=\"663\" aria-label=\"\" role=\"img\" ><\/div>\n\t\t\t\t\t\t\t\t\t\t\t<div class=\"elementor-gallery-item__overlay\"><\/div>\n\t\t\t\t\t\t\t\t\t\t\t\t\t\t<\/a>\n\t\t\t\t\t\t\t<a class=\"e-gallery-item elementor-gallery-item elementor-animated-content\" href=\"https:\/\/aleconductorist.com\/wp-content\/uploads\/2025\/09\/ale-pic4.jpg\" data-elementor-open-lightbox=\"yes\" data-elementor-lightbox-slideshow=\"651c938\" data-elementor-lightbox-title=\"ale-pic4\" data-e-action-hash=\"#elementor-action%3Aaction%3Dlightbox%26settings%3DeyJpZCI6ODEsInVybCI6Imh0dHBzOlwvXC9hbGVjb25kdWN0b3Jpc3QuY29tXC93cC1jb250ZW50XC91cGxvYWRzXC8yMDI1XC8wOVwvYWxlLXBpYzQuanBnIiwic2xpZGVzaG93IjoiNjUxYzkzOCJ9\">\n\t\t\t\t\t<div class=\"e-gallery-image elementor-gallery-item__image\" data-thumbnail=\"https:\/\/aleconductorist.com\/wp-content\/uploads\/2025\/09\/ale-pic4.jpg\" data-width=\"450\" data-height=\"663\" aria-label=\"\" role=\"img\" ><\/div>\n\t\t\t\t\t\t\t\t\t\t\t<div class=\"elementor-gallery-item__overlay\"><\/div>\n\t\t\t\t\t\t\t\t\t\t\t\t\t\t<\/a>\n\t\t\t\t\t\t\t<a class=\"e-gallery-item elementor-gallery-item elementor-animated-content\" href=\"https:\/\/aleconductorist.com\/wp-content\/uploads\/2025\/09\/ale-pic5.jpg\" data-elementor-open-lightbox=\"yes\" data-elementor-lightbox-slideshow=\"651c938\" data-elementor-lightbox-title=\"ale-pic5\" data-e-action-hash=\"#elementor-action%3Aaction%3Dlightbox%26settings%3DeyJpZCI6ODAsInVybCI6Imh0dHBzOlwvXC9hbGVjb25kdWN0b3Jpc3QuY29tXC93cC1jb250ZW50XC91cGxvYWRzXC8yMDI1XC8wOVwvYWxlLXBpYzUuanBnIiwic2xpZGVzaG93IjoiNjUxYzkzOCJ9\">\n\t\t\t\t\t<div class=\"e-gallery-image elementor-gallery-item__image\" data-thumbnail=\"https:\/\/aleconductorist.com\/wp-content\/uploads\/2025\/09\/ale-pic5.jpg\" data-width=\"450\" data-height=\"663\" aria-label=\"\" role=\"img\" ><\/div>\n\t\t\t\t\t\t\t\t\t\t\t<div class=\"elementor-gallery-item__overlay\"><\/div>\n\t\t\t\t\t\t\t\t\t\t\t\t\t\t<\/a>\n\t\t\t\t\t\t\t<a class=\"e-gallery-item elementor-gallery-item elementor-animated-content\" href=\"https:\/\/aleconductorist.com\/wp-content\/uploads\/2025\/09\/ale-pic1.jpg\" data-elementor-open-lightbox=\"yes\" data-elementor-lightbox-slideshow=\"651c938\" data-elementor-lightbox-title=\"ale-pic1\" data-e-action-hash=\"#elementor-action%3Aaction%3Dlightbox%26settings%3DeyJpZCI6NzgsInVybCI6Imh0dHBzOlwvXC9hbGVjb25kdWN0b3Jpc3QuY29tXC93cC1jb250ZW50XC91cGxvYWRzXC8yMDI1XC8wOVwvYWxlLXBpYzEuanBnIiwic2xpZGVzaG93IjoiNjUxYzkzOCJ9\">\n\t\t\t\t\t<div class=\"e-gallery-image elementor-gallery-item__image\" data-thumbnail=\"https:\/\/aleconductorist.com\/wp-content\/uploads\/2025\/09\/ale-pic1.jpg\" data-width=\"450\" data-height=\"663\" aria-label=\"\" role=\"img\" ><\/div>\n\t\t\t\t\t\t\t\t\t\t\t<div class=\"elementor-gallery-item__overlay\"><\/div>\n\t\t\t\t\t\t\t\t\t\t\t\t\t\t<\/a>\n\t\t\t\t\t<\/div>\n\t\t\t\t\t<\/div>\n\t\t\t\t<\/div>\n\t\t\t\t<\/div>\n\t\t\t\t\t<\/div>\n\t\t\t\t<\/div>\n\t\t\t\t<\/div>\n\t\t","protected":false},"excerpt":{"rendered":"<p>Medien Neueste Werke &amp; Auff\u00fchrungen Tauche ein in die k\u00fcnstlerische Welt von Ale ConductorIst durch seine neuesten musikalischen Kreationen, Live-Auftritte und gemeinsamen Projekte. Hier findest du eine kuratierte Auswahl seiner j\u00fcngsten Kompositionen, Aufnahmen und Video-Highlights \u2013 jede spiegelt seine Leidenschaft wider, klassische Traditionen mit zeitgen\u00f6ssischen Kl\u00e4ngen zu verbinden. Entdecke und erlebe die Musik, die seine [&hellip;]<\/p>\n","protected":false},"author":1,"featured_media":0,"parent":0,"menu_order":0,"comment_status":"closed","ping_status":"closed","template":"","meta":{"footnotes":""},"class_list":["post-255","page","type-page","status-publish","hentry"],"_links":{"self":[{"href":"https:\/\/aleconductorist.com\/de\/wp-json\/wp\/v2\/pages\/255","targetHints":{"allow":["GET"]}}],"collection":[{"href":"https:\/\/aleconductorist.com\/de\/wp-json\/wp\/v2\/pages"}],"about":[{"href":"https:\/\/aleconductorist.com\/de\/wp-json\/wp\/v2\/types\/page"}],"author":[{"embeddable":true,"href":"https:\/\/aleconductorist.com\/de\/wp-json\/wp\/v2\/users\/1"}],"replies":[{"embeddable":true,"href":"https:\/\/aleconductorist.com\/de\/wp-json\/wp\/v2\/comments?post=255"}],"version-history":[{"count":3,"href":"https:\/\/aleconductorist.com\/de\/wp-json\/wp\/v2\/pages\/255\/revisions"}],"predecessor-version":[{"id":271,"href":"https:\/\/aleconductorist.com\/de\/wp-json\/wp\/v2\/pages\/255\/revisions\/271"}],"wp:attachment":[{"href":"https:\/\/aleconductorist.com\/de\/wp-json\/wp\/v2\/media?parent=255"}],"curies":[{"name":"wp","href":"https:\/\/api.w.org\/{rel}","templated":true}]}}