{"id":285,"date":"2025-09-06T11:37:56","date_gmt":"2025-09-06T11:37:56","guid":{"rendered":"https:\/\/aleconductorist.com\/about\/"},"modified":"2025-09-24T22:55:42","modified_gmt":"2025-09-24T22:55:42","slug":"about","status":"publish","type":"page","link":"https:\/\/aleconductorist.com\/it\/about\/","title":{"rendered":"About"},"content":{"rendered":"\t\t<div data-elementor-type=\"wp-page\" data-elementor-id=\"285\" class=\"elementor elementor-285 elementor-116\" data-elementor-post-type=\"page\">\n\t\t\t\t<div class=\"elementor-element elementor-element-d078a2a e-flex e-con-boxed e-con e-parent\" data-id=\"d078a2a\" data-element_type=\"container\" data-settings=\"{&quot;background_background&quot;:&quot;classic&quot;}\">\n\t\t\t\t\t<div class=\"e-con-inner\">\n\t\t\t\t<div class=\"elementor-element elementor-element-dc22554 elementor-widget elementor-widget-heading\" data-id=\"dc22554\" data-element_type=\"widget\" data-widget_type=\"heading.default\">\n\t\t\t\t\t<h1 class=\"elementor-heading-title elementor-size-default\">About Ale<\/h1>\t\t\t\t<\/div>\n\t\t\t\t\t<\/div>\n\t\t\t\t<\/div>\n\t\t<div class=\"elementor-element elementor-element-fcf1e6f e-flex e-con-boxed e-con e-parent\" data-id=\"fcf1e6f\" data-element_type=\"container\" data-settings=\"{&quot;background_background&quot;:&quot;classic&quot;}\">\n\t\t\t\t\t<div class=\"e-con-inner\">\n\t\t<div class=\"elementor-element elementor-element-ffa67e5 e-con-full e-flex e-con e-child\" data-id=\"ffa67e5\" data-element_type=\"container\">\n\t\t<div class=\"elementor-element elementor-element-91d99d2 e-con-full e-flex e-con e-child\" data-id=\"91d99d2\" data-element_type=\"container\">\n\t\t\t\t<div class=\"elementor-element elementor-element-55c8f6e elementor-widget elementor-widget-heading\" data-id=\"55c8f6e\" data-element_type=\"widget\" data-widget_type=\"heading.default\">\n\t\t\t\t\t<h2 class=\"elementor-heading-title elementor-size-default\">Un viaggio di una vita attraverso la musica<\/h2>\t\t\t\t<\/div>\n\t\t\t\t<div class=\"elementor-element elementor-element-088f4b3 elementor-widget elementor-widget-text-editor\" data-id=\"088f4b3\" data-element_type=\"widget\" data-widget_type=\"text-editor.default\">\n\t\t\t\t\t\t\t\t\t<p dir=\"auto\">Fin dai suoi primi ricordi, Alessandro Traina \u00e8 stato indissolubilmente legato al mondo della musica. Il suo viaggio \u00e8 iniziato all&#8217;et\u00e0 di otto anni, quando ha intrapreso lo studio della chitarra classica presso il Conservatorio Vincenzo Bellini di Palermo, sotto la guida del Maestro Maurizio Norrito, illustre allievo del leggendario chitarrista Alberto Ponce. Questi primi anni sono stati caratterizzati da disciplina, scoperta e una crescente passione per il suono e l&#8217;espressione.<\/p><p dir=\"auto\">A quindici anni, Alessandro ha ampliato il suo universo artistico abbracciando il pianoforte, uno strumento che sarebbe diventato il suo compagno pi\u00f9 intimo nella composizione e nella direzione d&#8217;orchestra. Attraverso innumerevoli ore di pratica ed esplorazione, ha coltivato una profonda sensibilit\u00e0 per l&#8217;armonia e la trama sonora, plasmando le basi della sua unica identit\u00e0 musicale. Gli anni dell&#8217;adolescenza sono stati un periodo di risveglio artistico, un momento in cui la musica ha cessato di essere solo una disciplina ed \u00e8 diventata il linguaggio attraverso il quale poteva esprimersi veramente.<\/p><p dir=\"auto\">All&#8217;et\u00e0 di diciotto anni, Alessandro ha iniziato a studiare direzione d&#8217;orchestra sotto la guida del Maestro Carmelo Caruso, allievo diretto del leggendario direttore Franco Ferrara. Questo mentorship ha trasformato la sua comprensione della musica, permettendogli di guardare oltre i singoli strumenti e di percepire l&#8217;orchestra come un unico organismo vivente. Ogni gesto, ogni movimento della bacchetta \u00e8 diventato un&#8217;estensione del pensiero e dell&#8217;emozione.<\/p>\t\t\t\t\t\t\t\t<\/div>\n\t\t\t\t<\/div>\n\t\t<div class=\"elementor-element elementor-element-66f8a26 e-con-full e-flex e-con e-child\" data-id=\"66f8a26\" data-element_type=\"container\">\n\t\t\t\t<div class=\"elementor-element elementor-element-7faf533 elementor-widget elementor-widget-image\" data-id=\"7faf533\" data-element_type=\"widget\" data-widget_type=\"image.default\">\n\t\t\t\t\t\t\t\t\t\t\t\t\t\t\t<img fetchpriority=\"high\" decoding=\"async\" width=\"750\" height=\"878\" src=\"https:\/\/aleconductorist.com\/wp-content\/uploads\/2025\/09\/ale-about1.jpg\" class=\"attachment-large size-large wp-image-229\" alt=\"\" srcset=\"https:\/\/aleconductorist.com\/wp-content\/uploads\/2025\/09\/ale-about1.jpg 750w, https:\/\/aleconductorist.com\/wp-content\/uploads\/2025\/09\/ale-about1-256x300.jpg 256w\" sizes=\"(max-width: 750px) 100vw, 750px\" \/>\t\t\t\t\t\t\t\t\t\t\t\t\t\t\t<\/div>\n\t\t\t\t<\/div>\n\t\t\t\t<\/div>\n\t\t<div class=\"elementor-element elementor-element-305c61b e-con-full e-flex e-con e-child\" data-id=\"305c61b\" data-element_type=\"container\">\n\t\t<div class=\"elementor-element elementor-element-edf2371 e-con-full e-flex e-con e-child\" data-id=\"edf2371\" data-element_type=\"container\">\n\t\t\t\t<div class=\"elementor-element elementor-element-2ec677e elementor-widget elementor-widget-heading\" data-id=\"2ec677e\" data-element_type=\"widget\" data-widget_type=\"heading.default\">\n\t\t\t\t\t<h2 class=\"elementor-heading-title elementor-size-default\">Da interprete a direttore visionario<\/h2>\t\t\t\t<\/div>\n\t\t\t\t<div class=\"elementor-element elementor-element-db96263 elementor-widget elementor-widget-text-editor\" data-id=\"db96263\" data-element_type=\"widget\" data-widget_type=\"text-editor.default\">\n\t\t\t\t\t\t\t\t\t<p dir=\"auto\">A vent&#8217;anni, Alessandro ha preso una decisione audace e destinata a cambiare la sua vita: si \u00e8 trasferito a Vienna per approfondire la sua formazione musicale e affinare la sua arte. L\u00ec, si \u00e8 immerso in un ambiente straordinario di creativit\u00e0 e innovazione, studiando composizione con il Maestro Dirk D&#8217;Ase \u2013 allievo di Krzysztof Penderecki e Luciano Berio \u2013 e Wolfgang Liebhart, partecipando anche a una masterclass con lo stesso Penderecki. Queste esperienze hanno aperto gli occhi di Alessandro al vasto mondo del repertorio moderno e contemporaneo, ispirandolo a esplorare il suono in modi nuovi e non convenzionali.<\/p><p dir=\"auto\">Contemporaneamente, ha perfezionato la sua tecnica chitarristica sotto la guida del rinomato virtuoso Adriano Del Sal, dal quale, come spesso dice, ha imparato la vera arte di fare musica. Laureatosi sia in Composizione che in Chitarra presso le pi\u00f9 prestigiose istituzioni di Vienna, Alessandro ha intrapreso un altro viaggio: un approfondimento di quattro anni in Direzione d&#8217;Orchestra presso la MUK, dove ha studiato con Andreas Stoehr, Gerrit Prie\u00dfnitz e Guido Mancusi. Questi anni hanno arricchito la sua visione artistica e gli hanno conferito una padronanza del grande repertorio sinfonico e operistico.<\/p><p dir=\"auto\">Oggi, Alessandro non \u00e8 solo un interprete versatile, ma anche un educatore ispiratore. Presso la J.M. Hauer Musikschule di Wiener Neustadt e la Musikschule Wien, insegna chitarra, pianoforte e composizione, dirige l&#8217;orchestra giovanile della scuola e lavora a stretto contatto con giovani musicisti, coltivando la loro creativit\u00e0 e guidandoli verso l&#8217;eccellenza artistica.<\/p><p dir=\"auto\">Per abbracciare la sua identit\u00e0 poliedrica, Alessandro ha creato il suo nome d&#8217;arte &#8220;Ale ConductorIst&#8221; \u2013 un titolo che riflette la sua filosofia della musica come una forza viva e pulsante. Rifiuta di essere definito da un unico ruolo; per lui, la musica non viene semplicemente diretta, ma viene portata in vita. Il suo motto personale lo esprime al meglio: &#8220;Non dirigere \u2013 Fai Musica.&#8221;<\/p>\t\t\t\t\t\t\t\t<\/div>\n\t\t\t\t<\/div>\n\t\t<div class=\"elementor-element elementor-element-60e1752 e-con-full e-flex e-con e-child\" data-id=\"60e1752\" data-element_type=\"container\">\n\t\t\t\t<div class=\"elementor-element elementor-element-669a079 elementor-widget elementor-widget-image\" data-id=\"669a079\" data-element_type=\"widget\" data-widget_type=\"image.default\">\n\t\t\t\t\t\t\t\t\t\t\t\t\t\t\t<img decoding=\"async\" width=\"750\" height=\"750\" src=\"https:\/\/aleconductorist.com\/wp-content\/uploads\/2025\/09\/about-3.png\" class=\"attachment-large size-large wp-image-233\" alt=\"\" srcset=\"https:\/\/aleconductorist.com\/wp-content\/uploads\/2025\/09\/about-3.png 750w, https:\/\/aleconductorist.com\/wp-content\/uploads\/2025\/09\/about-3-300x300.png 300w, https:\/\/aleconductorist.com\/wp-content\/uploads\/2025\/09\/about-3-150x150.png 150w\" sizes=\"(max-width: 750px) 100vw, 750px\" \/>\t\t\t\t\t\t\t\t\t\t\t\t\t\t\t<\/div>\n\t\t\t\t<\/div>\n\t\t\t\t<\/div>\n\t\t\t\t\t<\/div>\n\t\t\t\t<\/div>\n\t\t\t\t<\/div>\n\t\t","protected":false},"excerpt":{"rendered":"<p>About Ale Un viaggio di una vita attraverso la musica Fin dai suoi primi ricordi, Alessandro Traina \u00e8 stato indissolubilmente legato al mondo della musica. Il suo viaggio \u00e8 iniziato all&#8217;et\u00e0 di otto anni, quando ha intrapreso lo studio della chitarra classica presso il Conservatorio Vincenzo Bellini di Palermo, sotto la guida del Maestro Maurizio [&hellip;]<\/p>\n","protected":false},"author":1,"featured_media":0,"parent":0,"menu_order":0,"comment_status":"closed","ping_status":"closed","template":"","meta":{"footnotes":""},"class_list":["post-285","page","type-page","status-publish","hentry"],"_links":{"self":[{"href":"https:\/\/aleconductorist.com\/it\/wp-json\/wp\/v2\/pages\/285","targetHints":{"allow":["GET"]}}],"collection":[{"href":"https:\/\/aleconductorist.com\/it\/wp-json\/wp\/v2\/pages"}],"about":[{"href":"https:\/\/aleconductorist.com\/it\/wp-json\/wp\/v2\/types\/page"}],"author":[{"embeddable":true,"href":"https:\/\/aleconductorist.com\/it\/wp-json\/wp\/v2\/users\/1"}],"replies":[{"embeddable":true,"href":"https:\/\/aleconductorist.com\/it\/wp-json\/wp\/v2\/comments?post=285"}],"version-history":[{"count":3,"href":"https:\/\/aleconductorist.com\/it\/wp-json\/wp\/v2\/pages\/285\/revisions"}],"predecessor-version":[{"id":294,"href":"https:\/\/aleconductorist.com\/it\/wp-json\/wp\/v2\/pages\/285\/revisions\/294"}],"wp:attachment":[{"href":"https:\/\/aleconductorist.com\/it\/wp-json\/wp\/v2\/media?parent=285"}],"curies":[{"name":"wp","href":"https:\/\/api.w.org\/{rel}","templated":true}]}}