{"id":288,"date":"2025-09-06T16:45:42","date_gmt":"2025-09-06T16:45:42","guid":{"rendered":"https:\/\/aleconductorist.com\/media\/"},"modified":"2025-09-24T22:58:59","modified_gmt":"2025-09-24T22:58:59","slug":"media","status":"publish","type":"page","link":"https:\/\/aleconductorist.com\/it\/media\/","title":{"rendered":"Media"},"content":{"rendered":"\t\t<div data-elementor-type=\"wp-page\" data-elementor-id=\"288\" class=\"elementor elementor-288 elementor-126\" data-elementor-post-type=\"page\">\n\t\t\t\t<div class=\"elementor-element elementor-element-2639701 e-flex e-con-boxed e-con e-parent\" data-id=\"2639701\" data-element_type=\"container\" data-settings=\"{&quot;background_background&quot;:&quot;classic&quot;}\">\n\t\t\t\t\t<div class=\"e-con-inner\">\n\t\t\t\t<div class=\"elementor-element elementor-element-a88e8d8 elementor-widget elementor-widget-heading\" data-id=\"a88e8d8\" data-element_type=\"widget\" data-widget_type=\"heading.default\">\n\t\t\t\t\t<h1 class=\"elementor-heading-title elementor-size-default\">Media<\/h1>\t\t\t\t<\/div>\n\t\t\t\t\t<\/div>\n\t\t\t\t<\/div>\n\t\t<div class=\"elementor-element elementor-element-5a1563d e-flex e-con-boxed e-con e-parent\" data-id=\"5a1563d\" data-element_type=\"container\" data-settings=\"{&quot;background_background&quot;:&quot;classic&quot;}\">\n\t\t\t\t\t<div class=\"e-con-inner\">\n\t\t<div class=\"elementor-element elementor-element-00bb2a6 e-con-full e-flex e-con e-child\" data-id=\"00bb2a6\" data-element_type=\"container\">\n\t\t\t\t<div class=\"elementor-element elementor-element-2169e25 elementor-widget elementor-widget-heading\" data-id=\"2169e25\" data-element_type=\"widget\" data-widget_type=\"heading.default\">\n\t\t\t\t\t<h2 class=\"elementor-heading-title elementor-size-default\">Ultimi lavori e performance<\/h2>\t\t\t\t<\/div>\n\t\t\t\t<div class=\"elementor-element elementor-element-e889dd8 elementor-widget elementor-widget-text-editor\" data-id=\"e889dd8\" data-element_type=\"widget\" data-widget_type=\"text-editor.default\">\n\t\t\t\t\t\t\t\t\t<p dir=\"auto\">Entra nel mondo artistico di Ale ConductorIst attraverso le sue ultime creazioni musicali, performance dal vivo e progetti collaborativi. Qui troverai una selezione curata delle sue composizioni pi\u00f9 recenti, registrazioni e momenti salienti in video, ciascuno dei quali riflette la sua passione per fondere tradizioni classiche con suoni contemporanei. Esplora e vivi la musica che definisce il suo unico viaggio artistico.<\/p>\t\t\t\t\t\t\t\t<\/div>\n\t\t<div class=\"elementor-element elementor-element-0ddc96a e-con-full e-flex e-con e-child\" data-id=\"0ddc96a\" data-element_type=\"container\">\n\t\t\t\t<div class=\"elementor-element elementor-element-2f15b39 elementor-widget elementor-widget-video\" data-id=\"2f15b39\" data-element_type=\"widget\" data-settings=\"{&quot;youtube_url&quot;:&quot;https:\\\/\\\/www.youtube.com\\\/watch?v=VugH3bbfs-4&quot;,&quot;video_type&quot;:&quot;youtube&quot;,&quot;controls&quot;:&quot;yes&quot;}\" data-widget_type=\"video.default\">\n\t\t\t\t\t\t\t<div class=\"elementor-wrapper elementor-open-inline\">\n\t\t\t<div class=\"elementor-video\"><\/div>\t\t<\/div>\n\t\t\t\t\t\t<\/div>\n\t\t\t\t<div class=\"elementor-element elementor-element-1ee899d elementor-widget elementor-widget-heading\" data-id=\"1ee899d\" data-element_type=\"widget\" data-widget_type=\"heading.default\">\n\t\t\t\t\t<h2 class=\"elementor-heading-title elementor-size-default\">Izimpande Zami<\/h2>\t\t\t\t<\/div>\n\t\t\t\t<div class=\"elementor-element elementor-element-9300866 elementor-widget elementor-widget-heading\" data-id=\"9300866\" data-element_type=\"widget\" data-widget_type=\"heading.default\">\n\t\t\t\t\t<h3 class=\"elementor-heading-title elementor-size-default\">Per chitarra classica solista<\/h3>\t\t\t\t<\/div>\n\t\t\t\t<\/div>\n\t\t<div class=\"elementor-element elementor-element-51e6d35 e-con-full e-flex e-con e-child\" data-id=\"51e6d35\" data-element_type=\"container\">\n\t\t\t\t<div class=\"elementor-element elementor-element-4abac17 elementor-widget elementor-widget-video\" data-id=\"4abac17\" data-element_type=\"widget\" data-settings=\"{&quot;youtube_url&quot;:&quot;https:\\\/\\\/www.youtube.com\\\/watch?v=rGvxiTqkCCw&quot;,&quot;video_type&quot;:&quot;youtube&quot;,&quot;controls&quot;:&quot;yes&quot;}\" data-widget_type=\"video.default\">\n\t\t\t\t\t\t\t<div class=\"elementor-wrapper elementor-open-inline\">\n\t\t\t<div class=\"elementor-video\"><\/div>\t\t<\/div>\n\t\t\t\t\t\t<\/div>\n\t\t\t\t<div class=\"elementor-element elementor-element-a44f357 elementor-widget elementor-widget-heading\" data-id=\"a44f357\" data-element_type=\"widget\" data-widget_type=\"heading.default\">\n\t\t\t\t\t<h2 class=\"elementor-heading-title elementor-size-default\">Gayatri Mantra<\/h2>\t\t\t\t<\/div>\n\t\t\t\t<div class=\"elementor-element elementor-element-1cd2a9e elementor-widget elementor-widget-heading\" data-id=\"1cd2a9e\" data-element_type=\"widget\" data-widget_type=\"heading.default\">\n\t\t\t\t\t<h3 class=\"elementor-heading-title elementor-size-default\">Per chitarra classica e voce<\/h3>\t\t\t\t<\/div>\n\t\t\t\t<\/div>\n\t\t\t\t<\/div>\n\t\t<div class=\"elementor-element elementor-element-015e451 e-con-full e-flex e-con e-child\" data-id=\"015e451\" data-element_type=\"container\">\n\t\t<div class=\"elementor-element elementor-element-3331cf5 e-con-full e-flex e-con e-child\" data-id=\"3331cf5\" data-element_type=\"container\">\n\t\t\t\t<div class=\"elementor-element elementor-element-d89a29d elementor-widget elementor-widget-heading\" data-id=\"d89a29d\" data-element_type=\"widget\" data-widget_type=\"heading.default\">\n\t\t\t\t\t<h2 class=\"elementor-heading-title elementor-size-default\">In Frames \u2014 Momenti di musica<\/h2>\t\t\t\t<\/div>\n\t\t\t\t<div class=\"elementor-element elementor-element-7980dd2 elementor-widget elementor-widget-text-editor\" data-id=\"7980dd2\" data-element_type=\"widget\" data-widget_type=\"text-editor.default\">\n\t\t\t\t\t\t\t\t\t<p dir=\"auto\">La musica \u00e8 pi\u00f9 che suono; \u00e8 espressione, presenza e connessione. Questa galleria cattura momenti intimi della vita artistica di Ale ConductorIst: dalle prove alle performance, fino ai retroscena che plasmano il suo mondo creativo.<\/p><p dir=\"auto\">Ogni immagine racconta una parte della storia, offrendo un viaggio visivo attraverso il suo percorso come direttore d&#8217;orchestra, compositore e interprete.<\/p>\t\t\t\t\t\t\t\t<\/div>\n\t\t\t\t<div class=\"elementor-element elementor-element-651c938 elementor-widget elementor-widget-gallery\" data-id=\"651c938\" data-element_type=\"widget\" data-settings=\"{&quot;gallery_layout&quot;:&quot;masonry&quot;,&quot;columns&quot;:3,&quot;columns_mobile&quot;:2,&quot;image_hover_animation&quot;:&quot;grow&quot;,&quot;lazyload&quot;:&quot;yes&quot;,&quot;columns_tablet&quot;:2,&quot;gap&quot;:{&quot;unit&quot;:&quot;px&quot;,&quot;size&quot;:10,&quot;sizes&quot;:[]},&quot;gap_tablet&quot;:{&quot;unit&quot;:&quot;px&quot;,&quot;size&quot;:10,&quot;sizes&quot;:[]},&quot;gap_mobile&quot;:{&quot;unit&quot;:&quot;px&quot;,&quot;size&quot;:10,&quot;sizes&quot;:[]},&quot;link_to&quot;:&quot;file&quot;,&quot;overlay_background&quot;:&quot;yes&quot;,&quot;content_hover_animation&quot;:&quot;fade-in&quot;}\" data-widget_type=\"gallery.default\">\n\t\t\t\t\t\t\t<div class=\"elementor-gallery__container\">\n\t\t\t\t\t\t\t<a class=\"e-gallery-item elementor-gallery-item elementor-animated-content\" href=\"https:\/\/aleconductorist.com\/wp-content\/uploads\/2025\/09\/ale-pic3.jpg\" data-elementor-open-lightbox=\"yes\" data-elementor-lightbox-slideshow=\"651c938\" data-elementor-lightbox-title=\"ale-pic3\" data-e-action-hash=\"#elementor-action%3Aaction%3Dlightbox%26settings%3DeyJpZCI6ODIsInVybCI6Imh0dHBzOlwvXC9hbGVjb25kdWN0b3Jpc3QuY29tXC93cC1jb250ZW50XC91cGxvYWRzXC8yMDI1XC8wOVwvYWxlLXBpYzMuanBnIiwic2xpZGVzaG93IjoiNjUxYzkzOCJ9\">\n\t\t\t\t\t<div class=\"e-gallery-image elementor-gallery-item__image\" data-thumbnail=\"https:\/\/aleconductorist.com\/wp-content\/uploads\/2025\/09\/ale-pic3.jpg\" data-width=\"450\" data-height=\"663\" aria-label=\"\" role=\"img\" ><\/div>\n\t\t\t\t\t\t\t\t\t\t\t<div class=\"elementor-gallery-item__overlay\"><\/div>\n\t\t\t\t\t\t\t\t\t\t\t\t\t\t<\/a>\n\t\t\t\t\t\t\t<a class=\"e-gallery-item elementor-gallery-item elementor-animated-content\" href=\"https:\/\/aleconductorist.com\/wp-content\/uploads\/2025\/09\/al-pic2.jpg\" data-elementor-open-lightbox=\"yes\" data-elementor-lightbox-slideshow=\"651c938\" data-elementor-lightbox-title=\"al-pic2\" data-e-action-hash=\"#elementor-action%3Aaction%3Dlightbox%26settings%3DeyJpZCI6ODMsInVybCI6Imh0dHBzOlwvXC9hbGVjb25kdWN0b3Jpc3QuY29tXC93cC1jb250ZW50XC91cGxvYWRzXC8yMDI1XC8wOVwvYWwtcGljMi5qcGciLCJzbGlkZXNob3ciOiI2NTFjOTM4In0%3D\">\n\t\t\t\t\t<div class=\"e-gallery-image elementor-gallery-item__image\" data-thumbnail=\"https:\/\/aleconductorist.com\/wp-content\/uploads\/2025\/09\/al-pic2.jpg\" data-width=\"450\" data-height=\"663\" aria-label=\"\" role=\"img\" ><\/div>\n\t\t\t\t\t\t\t\t\t\t\t<div class=\"elementor-gallery-item__overlay\"><\/div>\n\t\t\t\t\t\t\t\t\t\t\t\t\t\t<\/a>\n\t\t\t\t\t\t\t<a class=\"e-gallery-item elementor-gallery-item elementor-animated-content\" href=\"https:\/\/aleconductorist.com\/wp-content\/uploads\/2025\/09\/ale-pic4.jpg\" data-elementor-open-lightbox=\"yes\" data-elementor-lightbox-slideshow=\"651c938\" data-elementor-lightbox-title=\"ale-pic4\" data-e-action-hash=\"#elementor-action%3Aaction%3Dlightbox%26settings%3DeyJpZCI6ODEsInVybCI6Imh0dHBzOlwvXC9hbGVjb25kdWN0b3Jpc3QuY29tXC93cC1jb250ZW50XC91cGxvYWRzXC8yMDI1XC8wOVwvYWxlLXBpYzQuanBnIiwic2xpZGVzaG93IjoiNjUxYzkzOCJ9\">\n\t\t\t\t\t<div class=\"e-gallery-image elementor-gallery-item__image\" data-thumbnail=\"https:\/\/aleconductorist.com\/wp-content\/uploads\/2025\/09\/ale-pic4.jpg\" data-width=\"450\" data-height=\"663\" aria-label=\"\" role=\"img\" ><\/div>\n\t\t\t\t\t\t\t\t\t\t\t<div class=\"elementor-gallery-item__overlay\"><\/div>\n\t\t\t\t\t\t\t\t\t\t\t\t\t\t<\/a>\n\t\t\t\t\t\t\t<a class=\"e-gallery-item elementor-gallery-item elementor-animated-content\" href=\"https:\/\/aleconductorist.com\/wp-content\/uploads\/2025\/09\/ale-pic5.jpg\" data-elementor-open-lightbox=\"yes\" data-elementor-lightbox-slideshow=\"651c938\" data-elementor-lightbox-title=\"ale-pic5\" data-e-action-hash=\"#elementor-action%3Aaction%3Dlightbox%26settings%3DeyJpZCI6ODAsInVybCI6Imh0dHBzOlwvXC9hbGVjb25kdWN0b3Jpc3QuY29tXC93cC1jb250ZW50XC91cGxvYWRzXC8yMDI1XC8wOVwvYWxlLXBpYzUuanBnIiwic2xpZGVzaG93IjoiNjUxYzkzOCJ9\">\n\t\t\t\t\t<div class=\"e-gallery-image elementor-gallery-item__image\" data-thumbnail=\"https:\/\/aleconductorist.com\/wp-content\/uploads\/2025\/09\/ale-pic5.jpg\" data-width=\"450\" data-height=\"663\" aria-label=\"\" role=\"img\" ><\/div>\n\t\t\t\t\t\t\t\t\t\t\t<div class=\"elementor-gallery-item__overlay\"><\/div>\n\t\t\t\t\t\t\t\t\t\t\t\t\t\t<\/a>\n\t\t\t\t\t\t\t<a class=\"e-gallery-item elementor-gallery-item elementor-animated-content\" href=\"https:\/\/aleconductorist.com\/wp-content\/uploads\/2025\/09\/ale-pic1.jpg\" data-elementor-open-lightbox=\"yes\" data-elementor-lightbox-slideshow=\"651c938\" data-elementor-lightbox-title=\"ale-pic1\" data-e-action-hash=\"#elementor-action%3Aaction%3Dlightbox%26settings%3DeyJpZCI6NzgsInVybCI6Imh0dHBzOlwvXC9hbGVjb25kdWN0b3Jpc3QuY29tXC93cC1jb250ZW50XC91cGxvYWRzXC8yMDI1XC8wOVwvYWxlLXBpYzEuanBnIiwic2xpZGVzaG93IjoiNjUxYzkzOCJ9\">\n\t\t\t\t\t<div class=\"e-gallery-image elementor-gallery-item__image\" data-thumbnail=\"https:\/\/aleconductorist.com\/wp-content\/uploads\/2025\/09\/ale-pic1.jpg\" data-width=\"450\" data-height=\"663\" aria-label=\"\" role=\"img\" ><\/div>\n\t\t\t\t\t\t\t\t\t\t\t<div class=\"elementor-gallery-item__overlay\"><\/div>\n\t\t\t\t\t\t\t\t\t\t\t\t\t\t<\/a>\n\t\t\t\t\t<\/div>\n\t\t\t\t\t<\/div>\n\t\t\t\t<\/div>\n\t\t\t\t<\/div>\n\t\t\t\t\t<\/div>\n\t\t\t\t<\/div>\n\t\t\t\t<\/div>\n\t\t","protected":false},"excerpt":{"rendered":"<p>Media Ultimi lavori e performance Entra nel mondo artistico di Ale ConductorIst attraverso le sue ultime creazioni musicali, performance dal vivo e progetti collaborativi. Qui troverai una selezione curata delle sue composizioni pi\u00f9 recenti, registrazioni e momenti salienti in video, ciascuno dei quali riflette la sua passione per fondere tradizioni classiche con suoni contemporanei. Esplora [&hellip;]<\/p>\n","protected":false},"author":1,"featured_media":0,"parent":0,"menu_order":0,"comment_status":"closed","ping_status":"closed","template":"","meta":{"footnotes":""},"class_list":["post-288","page","type-page","status-publish","hentry"],"_links":{"self":[{"href":"https:\/\/aleconductorist.com\/it\/wp-json\/wp\/v2\/pages\/288","targetHints":{"allow":["GET"]}}],"collection":[{"href":"https:\/\/aleconductorist.com\/it\/wp-json\/wp\/v2\/pages"}],"about":[{"href":"https:\/\/aleconductorist.com\/it\/wp-json\/wp\/v2\/types\/page"}],"author":[{"embeddable":true,"href":"https:\/\/aleconductorist.com\/it\/wp-json\/wp\/v2\/users\/1"}],"replies":[{"embeddable":true,"href":"https:\/\/aleconductorist.com\/it\/wp-json\/wp\/v2\/comments?post=288"}],"version-history":[{"count":3,"href":"https:\/\/aleconductorist.com\/it\/wp-json\/wp\/v2\/pages\/288\/revisions"}],"predecessor-version":[{"id":303,"href":"https:\/\/aleconductorist.com\/it\/wp-json\/wp\/v2\/pages\/288\/revisions\/303"}],"wp:attachment":[{"href":"https:\/\/aleconductorist.com\/it\/wp-json\/wp\/v2\/media?parent=288"}],"curies":[{"name":"wp","href":"https:\/\/api.w.org\/{rel}","templated":true}]}}